{"id":17,"date":"2021-02-28T17:33:48","date_gmt":"2021-02-28T17:33:48","guid":{"rendered":"http:\/\/kita-regenbogenland.info\/?page_id=17"},"modified":"2024-09-18T19:07:18","modified_gmt":"2024-09-18T19:07:18","slug":"angebot","status":"publish","type":"page","link":"https:\/\/kita-regenbogenland.info\/?page_id=17","title":{"rendered":"Angebot"},"content":{"rendered":"\n<p>Das Regenbogenland f\u00f6rdert und betreut Kinder im Alter von 3 Jahren bis zum Schuleintritt.<br>Die Grundlage unserer p\u00e4dagogischen Arbeit ist der Ansatz der offenen Arbeit in Verbindung mit dem hessischen Erziehungs- und Bildungsplan.<\/p>\n\n\n\n<p><strong>\u00d6ffnungszeiten<\/strong><br>In der Regel ist das Regenbogenland t\u00e4glich 9,5 Stunden ge\u00f6ffnet.<br>Montag bis Freitag von 7:30 Uhr bis 17:00 Uhr.<\/p>\n\n\n\n<p><strong>Folgende Betreuungszeiten k\u00f6nnen gew\u00e4hlt werden.<\/strong><br>Halbtagsplatz \u00a0\u00a0\u00a0\u00a0\u00a0\u00a0\u00a0\u00a0\u00a0\u00a0\u00a0 von 7:30 Uhr bis 12:00 Uhr<br>Zweidrittelplatz \u00a0\u00a0\u00a0\u00a0\u00a0\u00a0\u00a0\u00a0 von 7:30 Uhr bis 14:30 Uhr<br>Ganztagsplatz\u00a0\u00a0\u00a0\u00a0\u00a0\u00a0\u00a0\u00a0\u00a0\u00a0\u00a0 von 7:30 Uhr bis 17:00 Uhr<\/p>\n\n\n\n<p><strong>Betriebsferien<\/strong><br>&#8211; 2 Wochen in den hessischen Sommerferien<br>&#8211; Zwischen Weihnachten und Neujahr<br>&#8211; Br\u00fcckentage<br>&#8211; Konzeptionstage<br>&#8211; Qualit\u00e4tskonferenz<\/p>\n\n\n\n<p><strong>Kosten<\/strong><br>Seit dem 01.08.2018 gilt in Frankfurter Kindertageseinrichtungen Entgeltfreiheit f\u00fcr Kinder ab drei Jahren bis zum Schuleintritt.<br>Die Entgeltfreiheit gilt f\u00fcr die vertraglich vereinbarte t\u00e4gliche Betreuungsdauer (halbtags, zweidrittel, ganztags).Ein Anspruch auf einen Ganztagsplatz wird durch diese Regelung nicht geschaffen. Der Beitrag f\u00fcr Essen bzw. Getr\u00e4nke bleibt von dieser Regelung unber\u00fchrt.<\/p>\n\n\n\n<p>Genauere Informationen \u00fcber die H\u00f6he des zu zahlenden Betrages f\u00fcr Essen, Getr\u00e4nke und Fr\u00fchst\u00fcck erhalten Sie von der Leitung.<\/p>\n\n\n\n<p>Sollten Sie das von der Kita festgesetzte Verpflegungsgeld nicht selbst finanzieren k\u00f6nnen, haben Sie die M\u00f6glichkeit, beim zust\u00e4ndigen Sozialrathaus \u2013 Kinder- und Jugendhilfe Wirtschaftsdienst \u2013 einen Antrag auf Kosten\u00fcbernahme nach dem SGB VIII zu stellen.<\/p>\n\n\n\n<p><strong>Anmeldung<\/strong><br>So kommt Ihr Kind zu uns.<\/p>\n\n\n\n<p>Die Anmeldung f\u00fcr einen Kita-Platz im Regenbogenland kann nur \u00fcber die Webseite&nbsp;<a rel=\"noreferrer noopener\" href=\"http:\/\/www.kindernetfrankfurt.de\/\" target=\"_blank\">kindernetfrankfurt.de<\/a>&nbsp;erfolgen. Dort finden Sie die verschiedenen Betreuungsangebote der unterschiedlichen Tr\u00e4ger \u2013 also auch unserer Kita.<\/p>\n\n\n\n<p>Eine Zusage bzw. ein Gespr\u00e4chs- oder Vertragsangebot erfolgt durch die Leitung.<\/p>\n\n\n\n<p>Gerne k\u00f6nnen Sie sich telefonisch f\u00fcr einen unserer Kennlernnachmittage (siehe Termine) anmelden. Hier erfahren Sie mehr \u00fcber das p\u00e4dagogische Konzept und die Arbeit im Regenbogenland.<\/p>\n","protected":false},"excerpt":{"rendered":"<p>Das Regenbogenland f\u00f6rdert und betreut Kinder im Alter von 3 Jahren bis zum Schuleintritt.Die Grundlage unserer p\u00e4dagogischen Arbeit ist der Ansatz der offenen Arbeit in Verbindung mit dem hessischen Erziehungs- und Bildungsplan. \u00d6ffnungszeitenIn der Regel ist das Regenbogenland t\u00e4glich 9,5 Stunden ge\u00f6ffnet.Montag bis Freitag von 7:30 Uhr bis 17:00 Uhr. Folgende Betreuungszeiten k\u00f6nnen gew\u00e4hlt werden.Halbtagsplatz [&hellip;]<\/p>\n","protected":false},"author":1,"featured_media":0,"parent":0,"menu_order":0,"comment_status":"closed","ping_status":"closed","template":"","meta":{"footnotes":""},"class_list":["post-17","page","type-page","status-publish","hentry"],"_links":{"self":[{"href":"https:\/\/kita-regenbogenland.info\/index.php?rest_route=\/wp\/v2\/pages\/17","targetHints":{"allow":["GET"]}}],"collection":[{"href":"https:\/\/kita-regenbogenland.info\/index.php?rest_route=\/wp\/v2\/pages"}],"about":[{"href":"https:\/\/kita-regenbogenland.info\/index.php?rest_route=\/wp\/v2\/types\/page"}],"author":[{"embeddable":true,"href":"https:\/\/kita-regenbogenland.info\/index.php?rest_route=\/wp\/v2\/users\/1"}],"replies":[{"embeddable":true,"href":"https:\/\/kita-regenbogenland.info\/index.php?rest_route=%2Fwp%2Fv2%2Fcomments&post=17"}],"version-history":[{"count":6,"href":"https:\/\/kita-regenbogenland.info\/index.php?rest_route=\/wp\/v2\/pages\/17\/revisions"}],"predecessor-version":[{"id":1053,"href":"https:\/\/kita-regenbogenland.info\/index.php?rest_route=\/wp\/v2\/pages\/17\/revisions\/1053"}],"wp:attachment":[{"href":"https:\/\/kita-regenbogenland.info\/index.php?rest_route=%2Fwp%2Fv2%2Fmedia&parent=17"}],"curies":[{"name":"wp","href":"https:\/\/api.w.org\/{rel}","templated":true}]}}