{"id":44,"date":"2021-03-02T17:48:01","date_gmt":"2021-03-02T17:48:01","guid":{"rendered":"http:\/\/kita-regenbogenland.info\/?page_id=44"},"modified":"2023-08-23T09:18:57","modified_gmt":"2023-08-23T09:18:57","slug":"unsere-kita-2","status":"publish","type":"page","link":"https:\/\/kita-regenbogenland.info\/?page_id=44","title":{"rendered":"Unsere Kita"},"content":{"rendered":"\n<p><strong>Tr\u00e4ger<\/strong><\/p>\n\n\n\n<p>Tr\u00e4ger der Evangelischen Kindertagesst\u00e4tte Regenbogenland ist die<br>Evangelische Regenbogengemeinde Sossenheim<br>Westerwaldstra\u00dfe 20<br>65936 Frankfurt am Main<\/p>\n\n\n\n<p>Diese wird vertreten durch den Kirchenvorstand, der mit seinen verschiedenen Aussch\u00fcssen die Arbeit des Regenbogenlandes unterst\u00fctzt.<\/p>\n\n\n\n<p><strong>Das Team der Kita Regenbogenland<\/strong><br><strong>Leitungsebene<\/strong><br><strong><em>Leitung:<\/em><\/strong> Jeanette Kleber staatl. anerkannte Erzieherin<br><strong><em>Stellv. Leiter:<\/em><\/strong> Jan de Vries staatl. anerkannter Erzieher<\/p>\n\n\n\n<p><strong>Team<\/strong><br>Unser Team besteht zurzeit aus 5 p\u00e4dagogischen Fachkr\u00e4ften. Wir sind ein Team, das eine Vielfalt an Ressourcen und Kompetenzen mitbringt. Diese bringen wir in den p\u00e4dagogischen Alltag zum Wohle der Kinder ein. <br>Wir gestalten als erwachsene Bezugspersonen das Umfeld der Kinder in der Kita so, dass sich die Kinder wohl f\u00fchlen und ihnen vielf\u00e4ltige M\u00f6glichkeiten der Selbstbildung zur Verf\u00fcgung stehen.<\/p>\n\n\n\n<p>Zum Team geh\u00f6rt auch eine Hauswirtschaftskraft .<\/p>\n\n\n\n<p>Zum Wohl des Kindes und der Familie arbeiten wir mit unterschiedlichen Kooperationspartnern und Institutionen, die ihr spezifisches Fachwissen einbringen, &nbsp;zusammen.<\/p>\n\n\n\n<p><strong>Wir kooperieren mit:<\/strong><\/p>\n\n\n\n<ul class=\"wp-block-list\">\n<li>Grundschulen<\/li>\n\n\n\n<li>Anderen Kindertagesst\u00e4tten&nbsp;<\/li>\n\n\n\n<li>Fr\u00fchf\u00f6rderstellen&nbsp;<\/li>\n\n\n\n<li>Kinderarztpraxen&nbsp;<\/li>\n\n\n\n<li>Erziehungsberatungsstelle<\/li>\n\n\n\n<li>Jugendamt<\/li>\n\n\n\n<li>Ergotherapeuten<\/li>\n\n\n\n<li>Logop\u00e4den<\/li>\n\n\n\n<li>Physiotherapeuten<\/li>\n\n\n\n<li>Patenzahn\u00e4rztin<\/li>\n<\/ul>\n","protected":false},"excerpt":{"rendered":"<p>Tr\u00e4ger Tr\u00e4ger der Evangelischen Kindertagesst\u00e4tte Regenbogenland ist dieEvangelische Regenbogengemeinde SossenheimWesterwaldstra\u00dfe 2065936 Frankfurt am Main Diese wird vertreten durch den Kirchenvorstand, der mit seinen verschiedenen Aussch\u00fcssen die Arbeit des Regenbogenlandes unterst\u00fctzt. Das Team der Kita RegenbogenlandLeitungsebeneLeitung: Jeanette Kleber staatl. anerkannte ErzieherinStellv. Leiter: Jan de Vries staatl. anerkannter Erzieher TeamUnser Team besteht zurzeit aus 5 p\u00e4dagogischen Fachkr\u00e4ften. [&hellip;]<\/p>\n","protected":false},"author":1,"featured_media":0,"parent":0,"menu_order":0,"comment_status":"closed","ping_status":"closed","template":"","meta":{"footnotes":""},"class_list":["post-44","page","type-page","status-publish","hentry"],"_links":{"self":[{"href":"https:\/\/kita-regenbogenland.info\/index.php?rest_route=\/wp\/v2\/pages\/44","targetHints":{"allow":["GET"]}}],"collection":[{"href":"https:\/\/kita-regenbogenland.info\/index.php?rest_route=\/wp\/v2\/pages"}],"about":[{"href":"https:\/\/kita-regenbogenland.info\/index.php?rest_route=\/wp\/v2\/types\/page"}],"author":[{"embeddable":true,"href":"https:\/\/kita-regenbogenland.info\/index.php?rest_route=\/wp\/v2\/users\/1"}],"replies":[{"embeddable":true,"href":"https:\/\/kita-regenbogenland.info\/index.php?rest_route=%2Fwp%2Fv2%2Fcomments&post=44"}],"version-history":[{"count":5,"href":"https:\/\/kita-regenbogenland.info\/index.php?rest_route=\/wp\/v2\/pages\/44\/revisions"}],"predecessor-version":[{"id":685,"href":"https:\/\/kita-regenbogenland.info\/index.php?rest_route=\/wp\/v2\/pages\/44\/revisions\/685"}],"wp:attachment":[{"href":"https:\/\/kita-regenbogenland.info\/index.php?rest_route=%2Fwp%2Fv2%2Fmedia&parent=44"}],"curies":[{"name":"wp","href":"https:\/\/api.w.org\/{rel}","templated":true}]}}