{"id":6,"date":"2021-02-28T17:27:09","date_gmt":"2021-02-28T17:27:09","guid":{"rendered":"http:\/\/kita-regenbogenland.info\/?page_id=6"},"modified":"2023-08-23T09:45:47","modified_gmt":"2023-08-23T09:45:47","slug":"startseite","status":"publish","type":"page","link":"https:\/\/kita-regenbogenland.info\/","title":{"rendered":"Startseite"},"content":{"rendered":"\n<h2 class=\"wp-block-heading\">Herzlich Willkommen auf der Internet Seite der Evangelischen Kindertagesst\u00e4tte Regenbogenland in Sossenheim.<\/h2>\n\n\n\n<figure class=\"wp-block-pullquote\"><blockquote><p><strong>\u201eJeder junge Mensch hat ein Recht auf F\u00f6rderung seiner Entwicklung und auf Erziehung zu einer eigenverantwortlichen und gemeinschaftsf\u00e4higen Pers\u00f6nlichkeit.\u201c<\/strong><\/p><cite>Achtes Buch Sozialgesetzbuch, Kinder- und Jugendhilfegesetz, \u00a71<\/cite><\/blockquote><\/figure>\n\n\n\n<p> <\/p>\n","protected":false},"excerpt":{"rendered":"<p>Herzlich Willkommen auf der Internet Seite der Evangelischen Kindertagesst\u00e4tte Regenbogenland in Sossenheim. \u201eJeder junge Mensch hat ein Recht auf F\u00f6rderung seiner Entwicklung und auf Erziehung zu einer eigenverantwortlichen und gemeinschaftsf\u00e4higen Pers\u00f6nlichkeit.\u201c Achtes Buch Sozialgesetzbuch, Kinder- und Jugendhilfegesetz, \u00a71<\/p>\n","protected":false},"author":1,"featured_media":0,"parent":39,"menu_order":0,"comment_status":"closed","ping_status":"closed","template":"","meta":{"footnotes":""},"class_list":["post-6","page","type-page","status-publish","hentry"],"_links":{"self":[{"href":"https:\/\/kita-regenbogenland.info\/index.php?rest_route=\/wp\/v2\/pages\/6","targetHints":{"allow":["GET"]}}],"collection":[{"href":"https:\/\/kita-regenbogenland.info\/index.php?rest_route=\/wp\/v2\/pages"}],"about":[{"href":"https:\/\/kita-regenbogenland.info\/index.php?rest_route=\/wp\/v2\/types\/page"}],"author":[{"embeddable":true,"href":"https:\/\/kita-regenbogenland.info\/index.php?rest_route=\/wp\/v2\/users\/1"}],"replies":[{"embeddable":true,"href":"https:\/\/kita-regenbogenland.info\/index.php?rest_route=%2Fwp%2Fv2%2Fcomments&post=6"}],"version-history":[{"count":9,"href":"https:\/\/kita-regenbogenland.info\/index.php?rest_route=\/wp\/v2\/pages\/6\/revisions"}],"predecessor-version":[{"id":687,"href":"https:\/\/kita-regenbogenland.info\/index.php?rest_route=\/wp\/v2\/pages\/6\/revisions\/687"}],"up":[{"embeddable":true,"href":"https:\/\/kita-regenbogenland.info\/index.php?rest_route=\/wp\/v2\/pages\/39"}],"wp:attachment":[{"href":"https:\/\/kita-regenbogenland.info\/index.php?rest_route=%2Fwp%2Fv2%2Fmedia&parent=6"}],"curies":[{"name":"wp","href":"https:\/\/api.w.org\/{rel}","templated":true}]}}